{"id":200,"date":"2021-12-20T14:17:23","date_gmt":"2021-12-20T14:17:23","guid":{"rendered":"https:\/\/tcxcanada.ca\/about-us\/"},"modified":"2022-03-03T20:25:13","modified_gmt":"2022-03-03T20:25:13","slug":"about-us","status":"publish","type":"page","link":"https:\/\/tcxcanada.ca\/fr\/about-us\/","title":{"rendered":"\u00c0 propos de TCX"},"content":{"rendered":"<h3 class=\"text-center\">\u00c0 propos de TCX<\/h3>\n<div class=\"two-col-text\">\n<div class=\"row\">\n<div class=\"col-md-6\">Les bureaux de change ICE, sont un fournisseur de devises sur lequel vous pouvez compter. Votre argent de voyage est important pour nous, c&rsquo;est pourquoi nous faisons tout notre possible pour que votre achat se passe bien. Nous croyons que vous devriez \u00eatre en mesure de vous concentrer sur ce qui compte, profiter de votre temps libre. Exp\u00e9riment\u00e9, s\u00fbr et fiable, nous simplifions l&rsquo;achat de devises \u00e9trang\u00e8res depuis plus de 40 ans<\/div>\n<div class=\"col-md-6\">Commencez votre voyage sans stress lorsque vous Cliquez &#038; Collectez. Il vous suffit de commander votre monnaie en ligne et de r\u00e9cup\u00e9rer votre argent \u00e0 l&rsquo;une de nos agences lorsque vous voyagez. Cela ne peut pas \u00eatre plus facile. R\u00e9servez votre devise en ligne d\u00e8s aujourd&rsquo;hui pour b\u00e9n\u00e9ficier de taux avantageux<\/div>\n<\/div>\n<\/div>\n","protected":false},"excerpt":{"rendered":"<p>\u00c0 propos de TCX<\/p>\n","protected":false},"author":1,"featured_media":0,"parent":0,"menu_order":0,"comment_status":"closed","ping_status":"closed","template":"","meta":{"footnotes":""},"class_list":["post-200","page","type-page","status-publish","hentry"],"acf":[],"yoast_head":"<!-- This site is optimized with the Yoast SEO plugin v18.2 - https:\/\/yoast.com\/wordpress\/plugins\/seo\/ -->\n<meta name=\"robots\" content=\"index, follow, max-snippet:-1, max-image-preview:large, max-video-preview:-1\" \/>\n<link rel=\"canonical\" href=\"https:\/\/tcxcanada.ca\/fr\/about-us\/\" \/>\n<meta property=\"og:locale\" content=\"fr_FR\" \/>\n<meta property=\"og:type\" content=\"article\" \/>\n<meta property=\"og:title\" content=\"\u00c0 propos de TCX - TCX Travelers\" \/>\n<meta property=\"og:description\" content=\"\u00c0 propos de TCX\" \/>\n<meta property=\"og:url\" content=\"https:\/\/tcxcanada.ca\/fr\/about-us\/\" \/>\n<meta property=\"og:site_name\" content=\"TCX Travelers\" \/>\n<meta property=\"article:modified_time\" content=\"2022-03-03T20:25:13+00:00\" \/>\n<meta name=\"twitter:card\" content=\"summary_large_image\" \/>\n<meta name=\"twitter:label1\" content=\"Dur\u00e9e de lecture estim\u00e9e\" \/>\n\t<meta name=\"twitter:data1\" content=\"1 minute\" \/>\n<script type=\"application\/ld+json\" class=\"yoast-schema-graph\">{\"@context\":\"https:\/\/schema.org\",\"@graph\":[{\"@type\":\"WebSite\",\"@id\":\"https:\/\/tcxcanada.ca\/#website\",\"url\":\"https:\/\/tcxcanada.ca\/\",\"name\":\"TCX Travelers\",\"description\":\"\",\"potentialAction\":[{\"@type\":\"SearchAction\",\"target\":{\"@type\":\"EntryPoint\",\"urlTemplate\":\"https:\/\/tcxcanada.ca\/?s={search_term_string}\"},\"query-input\":\"required name=search_term_string\"}],\"inLanguage\":\"fr-FR\"},{\"@type\":\"WebPage\",\"@id\":\"https:\/\/tcxcanada.ca\/fr\/about-us\/#webpage\",\"url\":\"https:\/\/tcxcanada.ca\/fr\/about-us\/\",\"name\":\"\u00c0 propos de TCX - TCX Travelers\",\"isPartOf\":{\"@id\":\"https:\/\/tcxcanada.ca\/#website\"},\"datePublished\":\"2021-12-20T14:17:23+00:00\",\"dateModified\":\"2022-03-03T20:25:13+00:00\",\"breadcrumb\":{\"@id\":\"https:\/\/tcxcanada.ca\/fr\/about-us\/#breadcrumb\"},\"inLanguage\":\"fr-FR\",\"potentialAction\":[{\"@type\":\"ReadAction\",\"target\":[\"https:\/\/tcxcanada.ca\/fr\/about-us\/\"]}]},{\"@type\":\"BreadcrumbList\",\"@id\":\"https:\/\/tcxcanada.ca\/fr\/about-us\/#breadcrumb\",\"itemListElement\":[{\"@type\":\"ListItem\",\"position\":1,\"name\":\"Home\",\"item\":\"https:\/\/tcxcanada.ca\/fr\/\"},{\"@type\":\"ListItem\",\"position\":2,\"name\":\"\u00c0 propos de TCX\"}]}]}<\/script>\n<!-- \/ Yoast SEO plugin. -->","yoast_head_json":{"robots":{"index":"index","follow":"follow","max-snippet":"max-snippet:-1","max-image-preview":"max-image-preview:large","max-video-preview":"max-video-preview:-1"},"canonical":"https:\/\/tcxcanada.ca\/fr\/about-us\/","og_locale":"fr_FR","og_type":"article","og_title":"\u00c0 propos de TCX - TCX Travelers","og_description":"\u00c0 propos de TCX","og_url":"https:\/\/tcxcanada.ca\/fr\/about-us\/","og_site_name":"TCX Travelers","article_modified_time":"2022-03-03T20:25:13+00:00","twitter_card":"summary_large_image","twitter_misc":{"Dur\u00e9e de lecture estim\u00e9e":"1 minute"},"schema":{"@context":"https:\/\/schema.org","@graph":[{"@type":"WebSite","@id":"https:\/\/tcxcanada.ca\/#website","url":"https:\/\/tcxcanada.ca\/","name":"TCX Travelers","description":"","potentialAction":[{"@type":"SearchAction","target":{"@type":"EntryPoint","urlTemplate":"https:\/\/tcxcanada.ca\/?s={search_term_string}"},"query-input":"required name=search_term_string"}],"inLanguage":"fr-FR"},{"@type":"WebPage","@id":"https:\/\/tcxcanada.ca\/fr\/about-us\/#webpage","url":"https:\/\/tcxcanada.ca\/fr\/about-us\/","name":"\u00c0 propos de TCX - TCX Travelers","isPartOf":{"@id":"https:\/\/tcxcanada.ca\/#website"},"datePublished":"2021-12-20T14:17:23+00:00","dateModified":"2022-03-03T20:25:13+00:00","breadcrumb":{"@id":"https:\/\/tcxcanada.ca\/fr\/about-us\/#breadcrumb"},"inLanguage":"fr-FR","potentialAction":[{"@type":"ReadAction","target":["https:\/\/tcxcanada.ca\/fr\/about-us\/"]}]},{"@type":"BreadcrumbList","@id":"https:\/\/tcxcanada.ca\/fr\/about-us\/#breadcrumb","itemListElement":[{"@type":"ListItem","position":1,"name":"Home","item":"https:\/\/tcxcanada.ca\/fr\/"},{"@type":"ListItem","position":2,"name":"\u00c0 propos de TCX"}]}]}},"_links":{"self":[{"href":"https:\/\/tcxcanada.ca\/fr\/wp-json\/wp\/v2\/pages\/200","targetHints":{"allow":["GET"]}}],"collection":[{"href":"https:\/\/tcxcanada.ca\/fr\/wp-json\/wp\/v2\/pages"}],"about":[{"href":"https:\/\/tcxcanada.ca\/fr\/wp-json\/wp\/v2\/types\/page"}],"author":[{"embeddable":true,"href":"https:\/\/tcxcanada.ca\/fr\/wp-json\/wp\/v2\/users\/1"}],"replies":[{"embeddable":true,"href":"https:\/\/tcxcanada.ca\/fr\/wp-json\/wp\/v2\/comments?post=200"}],"version-history":[{"count":7,"href":"https:\/\/tcxcanada.ca\/fr\/wp-json\/wp\/v2\/pages\/200\/revisions"}],"predecessor-version":[{"id":621,"href":"https:\/\/tcxcanada.ca\/fr\/wp-json\/wp\/v2\/pages\/200\/revisions\/621"}],"wp:attachment":[{"href":"https:\/\/tcxcanada.ca\/fr\/wp-json\/wp\/v2\/media?parent=200"}],"curies":[{"name":"wp","href":"https:\/\/api.w.org\/{rel}","templated":true}]}}